{"id":4021,"date":"2019-12-18T16:38:07","date_gmt":"2019-12-18T15:38:07","guid":{"rendered":"https:\/\/www.familymi.com\/app-glt\/"},"modified":"2024-09-17T15:19:34","modified_gmt":"2024-09-17T13:19:34","slug":"app-glt","status":"publish","type":"page","link":"https:\/\/www.familymi.com\/fr\/app-glt\/","title":{"rendered":"APP GLT"},"content":{"rendered":"<p>#Consapevoli&amp;Indipendenti! <strong>Notre application en langue anglaise.<\/strong><br \/>\n<img loading=\"lazy\" decoding=\"async\" class=\"alignnone size-full wp-image-4024\" src=\"https:\/\/www.familymi.com\/wp-content\/uploads\/2024\/09\/APP-GLT-INTERNATIONAL.jpg\" alt=\"\" width=\"1536\" height=\"865\" srcset=\"https:\/\/www.familymi.com\/wp-content\/uploads\/2024\/09\/APP-GLT-INTERNATIONAL.jpg 1536w, https:\/\/www.familymi.com\/wp-content\/uploads\/2024\/09\/APP-GLT-INTERNATIONAL-300x169.jpg 300w, https:\/\/www.familymi.com\/wp-content\/uploads\/2024\/09\/APP-GLT-INTERNATIONAL-1024x577.jpg 1024w, https:\/\/www.familymi.com\/wp-content\/uploads\/2024\/09\/APP-GLT-INTERNATIONAL-768x432.jpg 768w, https:\/\/www.familymi.com\/wp-content\/uploads\/2024\/09\/APP-GLT-INTERNATIONAL-500x282.jpg 500w, https:\/\/www.familymi.com\/wp-content\/uploads\/2024\/09\/APP-GLT-INTERNATIONAL-1104x621.jpg 1104w, https:\/\/www.familymi.com\/wp-content\/uploads\/2024\/09\/APP-GLT-INTERNATIONAL-366x205.jpg 366w, https:\/\/www.familymi.com\/wp-content\/uploads\/2024\/09\/APP-GLT-INTERNATIONAL-534x300.jpg 534w, https:\/\/www.familymi.com\/wp-content\/uploads\/2024\/09\/APP-GLT-INTERNATIONAL-165x92.jpg 165w, https:\/\/www.familymi.com\/wp-content\/uploads\/2024\/09\/APP-GLT-INTERNATIONAL-249x140.jpg 249w, https:\/\/www.familymi.com\/wp-content\/uploads\/2024\/09\/APP-GLT-INTERNATIONAL-232x130.jpg 232w, https:\/\/www.familymi.com\/wp-content\/uploads\/2024\/09\/APP-GLT-INTERNATIONAL-344x193.jpg 344w\" sizes=\"(max-width: 1536px) 100vw, 1536px\" \/><\/p>\n<h1>Pour atteindre vos objectifs \u00e9conomiques et constituer votre patrimoine<\/h1>\n<div class=\"glt-app\"><a id=\"ios_link\" href=\"https:\/\/apps.apple.com\/it\/app\/global-thinking-foundation\/id1484351376?l=it&amp;ls=1\"><\/a><img loading=\"lazy\" decoding=\"async\" class=\"alignnone size-full wp-image-4060\" src=\"https:\/\/www.familymi.com\/wp-content\/uploads\/2024\/09\/scarica_app_glt_FR-1.jpg\" alt=\"\" width=\"486\" height=\"424\" srcset=\"https:\/\/www.familymi.com\/wp-content\/uploads\/2024\/09\/scarica_app_glt_FR-1.jpg 486w, https:\/\/www.familymi.com\/wp-content\/uploads\/2024\/09\/scarica_app_glt_FR-1-300x262.jpg 300w\" sizes=\"(max-width: 486px) 100vw, 486px\" \/><br \/>\n<a id=\"android_link\" href=\"https:\/\/play.google.com\/store\/apps\/details?id=it.nohup.glt\"><\/a><\/div>\n<div>T\u00e9l\u00e9chargez la premi\u00e8re application, <strong>en anglais<\/strong>,\u00a0gratuite sur l&rsquo;\u00e9ducation financi\u00e8re cr\u00e9\u00e9e pour lutter contre la violence et les abus \u00e9conomiques et promouvoir l&rsquo;inclusion financi\u00e8re.<br \/>\n&#8211; Bonnes pratiques et guide pour pr\u00e9venir la violence \u00e9conomique<br \/>\n&#8211; Le projet Donne Al Quadrato et le calendrier des cours gratuits<br \/>\n&#8211; Le calculateur de budget familial<br \/>\n&#8211; 30 vid\u00e9os de formation de la plateforme num\u00e9rique pour les familles<br \/>\n&#8211; Le glossaire de l&rsquo;\u00e9ducation financi\u00e8re avec des exercices<\/div>\n","protected":false},"excerpt":{"rendered":"<p>#Consapevoli&amp;Indipendenti! Notre application en langue anglaise. Pour atteindre vos objectifs \u00e9conomiques et constituer votre patrimoine T\u00e9l\u00e9chargez la premi\u00e8re application, en anglais,\u00a0gratuite sur l&rsquo;\u00e9ducation financi\u00e8re cr\u00e9\u00e9e pour lutter contre la violence et les abus \u00e9conomiques et promouvoir l&rsquo;inclusion financi\u00e8re. &#8211; Bonnes pratiques et guide pour pr\u00e9venir la violence \u00e9conomique &#8211; Le projet Donne Al Quadrato et [&hellip;]<\/p>\n","protected":false},"author":4,"featured_media":4037,"parent":0,"menu_order":0,"comment_status":"closed","ping_status":"closed","template":"","meta":{"_acf_changed":false,"footnotes":""},"class_list":["post-4021","page","type-page","status-publish","has-post-thumbnail","hentry"],"acf":[],"yoast_head":"<!-- This site is optimized with the Yoast SEO plugin v23.5 - https:\/\/yoast.com\/wordpress\/plugins\/seo\/ -->\n<title>APP GLT - FamilyMI<\/title>\n<meta name=\"robots\" content=\"index, follow, max-snippet:-1, max-image-preview:large, max-video-preview:-1\" \/>\n<link rel=\"canonical\" href=\"https:\/\/www.familymi.com\/fr\/app-glt\/\" \/>\n<meta property=\"og:locale\" content=\"fr_FR\" \/>\n<meta property=\"og:type\" content=\"article\" \/>\n<meta property=\"og:title\" content=\"APP GLT - FamilyMI\" \/>\n<meta property=\"og:description\" content=\"#Consapevoli&amp;Indipendenti! Notre application en langue anglaise. Pour atteindre vos objectifs \u00e9conomiques et constituer votre patrimoine T\u00e9l\u00e9chargez la premi\u00e8re application, en anglais,\u00a0gratuite sur l&rsquo;\u00e9ducation financi\u00e8re cr\u00e9\u00e9e pour lutter contre la violence et les abus \u00e9conomiques et promouvoir l&rsquo;inclusion financi\u00e8re. &#8211; Bonnes pratiques et guide pour pr\u00e9venir la violence \u00e9conomique &#8211; Le projet Donne Al Quadrato et [&hellip;]\" \/>\n<meta property=\"og:url\" content=\"https:\/\/www.familymi.com\/fr\/app-glt\/\" \/>\n<meta property=\"og:site_name\" content=\"FamilyMI\" \/>\n<meta property=\"article:modified_time\" content=\"2024-09-17T13:19:34+00:00\" \/>\n<meta property=\"og:image\" content=\"https:\/\/www.familymi.com\/wp-content\/uploads\/2024\/09\/APP-GLT-INTERNATIONAL_FR.jpg\" \/>\n\t<meta property=\"og:image:width\" content=\"1536\" \/>\n\t<meta property=\"og:image:height\" content=\"865\" \/>\n\t<meta property=\"og:image:type\" content=\"image\/jpeg\" \/>\n<meta name=\"twitter:card\" content=\"summary_large_image\" \/>\n<meta name=\"twitter:label1\" content=\"Dur\u00e9e de lecture estim\u00e9e\" \/>\n\t<meta name=\"twitter:data1\" content=\"1 minute\" \/>\n<script type=\"application\/ld+json\" class=\"yoast-schema-graph\">{\"@context\":\"https:\/\/schema.org\",\"@graph\":[{\"@type\":\"WebPage\",\"@id\":\"https:\/\/www.familymi.com\/fr\/app-glt\/\",\"url\":\"https:\/\/www.familymi.com\/fr\/app-glt\/\",\"name\":\"APP GLT - FamilyMI\",\"isPartOf\":{\"@id\":\"https:\/\/www.familymi.com\/en\/#website\"},\"primaryImageOfPage\":{\"@id\":\"https:\/\/www.familymi.com\/fr\/app-glt\/#primaryimage\"},\"image\":{\"@id\":\"https:\/\/www.familymi.com\/fr\/app-glt\/#primaryimage\"},\"thumbnailUrl\":\"https:\/\/www.familymi.com\/wp-content\/uploads\/2024\/09\/APP-GLT-INTERNATIONAL_FR.jpg\",\"datePublished\":\"2019-12-18T15:38:07+00:00\",\"dateModified\":\"2024-09-17T13:19:34+00:00\",\"breadcrumb\":{\"@id\":\"https:\/\/www.familymi.com\/fr\/app-glt\/#breadcrumb\"},\"inLanguage\":\"fr-FR\",\"potentialAction\":[{\"@type\":\"ReadAction\",\"target\":[\"https:\/\/www.familymi.com\/fr\/app-glt\/\"]}]},{\"@type\":\"ImageObject\",\"inLanguage\":\"fr-FR\",\"@id\":\"https:\/\/www.familymi.com\/fr\/app-glt\/#primaryimage\",\"url\":\"https:\/\/www.familymi.com\/wp-content\/uploads\/2024\/09\/APP-GLT-INTERNATIONAL_FR.jpg\",\"contentUrl\":\"https:\/\/www.familymi.com\/wp-content\/uploads\/2024\/09\/APP-GLT-INTERNATIONAL_FR.jpg\",\"width\":1536,\"height\":865},{\"@type\":\"BreadcrumbList\",\"@id\":\"https:\/\/www.familymi.com\/fr\/app-glt\/#breadcrumb\",\"itemListElement\":[{\"@type\":\"ListItem\",\"position\":1,\"name\":\"Home\",\"item\":\"https:\/\/www.familymi.com\/fr\/\"},{\"@type\":\"ListItem\",\"position\":2,\"name\":\"APP GLT\"}]},{\"@type\":\"WebSite\",\"@id\":\"https:\/\/www.familymi.com\/en\/#website\",\"url\":\"https:\/\/www.familymi.com\/en\/\",\"name\":\"FamilyMI\",\"description\":\"\",\"potentialAction\":[{\"@type\":\"SearchAction\",\"target\":{\"@type\":\"EntryPoint\",\"urlTemplate\":\"https:\/\/www.familymi.com\/en\/?s={search_term_string}\"},\"query-input\":{\"@type\":\"PropertyValueSpecification\",\"valueRequired\":true,\"valueName\":\"search_term_string\"}}],\"inLanguage\":\"fr-FR\"}]}<\/script>\n<!-- \/ Yoast SEO plugin. -->","yoast_head_json":{"title":"APP GLT - FamilyMI","robots":{"index":"index","follow":"follow","max-snippet":"max-snippet:-1","max-image-preview":"max-image-preview:large","max-video-preview":"max-video-preview:-1"},"canonical":"https:\/\/www.familymi.com\/fr\/app-glt\/","og_locale":"fr_FR","og_type":"article","og_title":"APP GLT - FamilyMI","og_description":"#Consapevoli&amp;Indipendenti! Notre application en langue anglaise. Pour atteindre vos objectifs \u00e9conomiques et constituer votre patrimoine T\u00e9l\u00e9chargez la premi\u00e8re application, en anglais,\u00a0gratuite sur l&rsquo;\u00e9ducation financi\u00e8re cr\u00e9\u00e9e pour lutter contre la violence et les abus \u00e9conomiques et promouvoir l&rsquo;inclusion financi\u00e8re. &#8211; Bonnes pratiques et guide pour pr\u00e9venir la violence \u00e9conomique &#8211; Le projet Donne Al Quadrato et [&hellip;]","og_url":"https:\/\/www.familymi.com\/fr\/app-glt\/","og_site_name":"FamilyMI","article_modified_time":"2024-09-17T13:19:34+00:00","og_image":[{"width":1536,"height":865,"url":"https:\/\/www.familymi.com\/wp-content\/uploads\/2024\/09\/APP-GLT-INTERNATIONAL_FR.jpg","type":"image\/jpeg"}],"twitter_card":"summary_large_image","twitter_misc":{"Dur\u00e9e de lecture estim\u00e9e":"1 minute"},"schema":{"@context":"https:\/\/schema.org","@graph":[{"@type":"WebPage","@id":"https:\/\/www.familymi.com\/fr\/app-glt\/","url":"https:\/\/www.familymi.com\/fr\/app-glt\/","name":"APP GLT - FamilyMI","isPartOf":{"@id":"https:\/\/www.familymi.com\/en\/#website"},"primaryImageOfPage":{"@id":"https:\/\/www.familymi.com\/fr\/app-glt\/#primaryimage"},"image":{"@id":"https:\/\/www.familymi.com\/fr\/app-glt\/#primaryimage"},"thumbnailUrl":"https:\/\/www.familymi.com\/wp-content\/uploads\/2024\/09\/APP-GLT-INTERNATIONAL_FR.jpg","datePublished":"2019-12-18T15:38:07+00:00","dateModified":"2024-09-17T13:19:34+00:00","breadcrumb":{"@id":"https:\/\/www.familymi.com\/fr\/app-glt\/#breadcrumb"},"inLanguage":"fr-FR","potentialAction":[{"@type":"ReadAction","target":["https:\/\/www.familymi.com\/fr\/app-glt\/"]}]},{"@type":"ImageObject","inLanguage":"fr-FR","@id":"https:\/\/www.familymi.com\/fr\/app-glt\/#primaryimage","url":"https:\/\/www.familymi.com\/wp-content\/uploads\/2024\/09\/APP-GLT-INTERNATIONAL_FR.jpg","contentUrl":"https:\/\/www.familymi.com\/wp-content\/uploads\/2024\/09\/APP-GLT-INTERNATIONAL_FR.jpg","width":1536,"height":865},{"@type":"BreadcrumbList","@id":"https:\/\/www.familymi.com\/fr\/app-glt\/#breadcrumb","itemListElement":[{"@type":"ListItem","position":1,"name":"Home","item":"https:\/\/www.familymi.com\/fr\/"},{"@type":"ListItem","position":2,"name":"APP GLT"}]},{"@type":"WebSite","@id":"https:\/\/www.familymi.com\/en\/#website","url":"https:\/\/www.familymi.com\/en\/","name":"FamilyMI","description":"","potentialAction":[{"@type":"SearchAction","target":{"@type":"EntryPoint","urlTemplate":"https:\/\/www.familymi.com\/en\/?s={search_term_string}"},"query-input":{"@type":"PropertyValueSpecification","valueRequired":true,"valueName":"search_term_string"}}],"inLanguage":"fr-FR"}]}},"_links":{"self":[{"href":"https:\/\/www.familymi.com\/fr\/wp-json\/wp\/v2\/pages\/4021"}],"collection":[{"href":"https:\/\/www.familymi.com\/fr\/wp-json\/wp\/v2\/pages"}],"about":[{"href":"https:\/\/www.familymi.com\/fr\/wp-json\/wp\/v2\/types\/page"}],"author":[{"embeddable":true,"href":"https:\/\/www.familymi.com\/fr\/wp-json\/wp\/v2\/users\/4"}],"replies":[{"embeddable":true,"href":"https:\/\/www.familymi.com\/fr\/wp-json\/wp\/v2\/comments?post=4021"}],"version-history":[{"count":9,"href":"https:\/\/www.familymi.com\/fr\/wp-json\/wp\/v2\/pages\/4021\/revisions"}],"predecessor-version":[{"id":4063,"href":"https:\/\/www.familymi.com\/fr\/wp-json\/wp\/v2\/pages\/4021\/revisions\/4063"}],"wp:featuredmedia":[{"embeddable":true,"href":"https:\/\/www.familymi.com\/fr\/wp-json\/wp\/v2\/media\/4037"}],"wp:attachment":[{"href":"https:\/\/www.familymi.com\/fr\/wp-json\/wp\/v2\/media?parent=4021"}],"curies":[{"name":"wp","href":"https:\/\/api.w.org\/{rel}","templated":true}]}}