{"id":730,"date":"2019-02-11T18:59:00","date_gmt":"2019-02-11T17:59:00","guid":{"rendered":"https:\/\/www.familymi.com\/?page_id=730"},"modified":"2024-02-22T15:12:05","modified_gmt":"2024-02-22T14:12:05","slug":"qui-sommes-nous","status":"publish","type":"page","link":"https:\/\/www.familymi.com\/fr\/qui-sommes-nous\/","title":{"rendered":"Qui sommes-nous"},"content":{"rendered":"<p>Le projet <strong>FamilyMi<\/strong> <span style=\"font-weight: 400;\">\u00a0<\/span><span style=\"font-weight: 400;\">r\u00e9alis\u00e9 par Global Thinking Foundation en collaboration avec la Fondazione per l\u2019Educazione Finanziaria e al Risparmio, avec la Fondation Politecnico di Milano, est n\u00e9e du besoin de fournir un support au d\u00e9bat sur l\u2019\u00e9volution financi\u00e8re et sur la soi-disant \u00ab\u00a0<\/span>financial inclusion<em>\u00a0\u00bb <\/em>soit aux familles qu\u2019aux Millennials (n\u00e9es entre 1980 et 2000) de la zone de Milan et des provinces voisines. En offrant un outil explicatif et exhaustif afin de r\u00e9ordonner les concepts qui composent la finance d\u2019aujourd\u2019hui on se propose d\u2019inclure les sujets qui n\u2019ont pas un acc\u00e8s automatique aux perspectives financi\u00e8res les plus communes en termes de services et de facilitations qui sont normalement d\u00e9di\u00e9es aux cat\u00e9gories \u00e0 risque et particuli\u00e8rement aux familles des <strong>Millennials<\/strong>.<\/p>\n<blockquote><p>FamilyMi propose un parcours de formation de fa\u00e7on innovante et intuitive. L\u2019usager commence ce parcours avec un questionnaire online sur les concepts principaux de l\u2019\u00e9pargne et de l\u2019investissement inform\u00e9, constitu\u00e9 par sept tests dont chacun est d\u00e9di\u00e9 \u00e0 un argument: Compte Courant; Assurance; Obligations; Actions; Fonds d\u2019Investissement; SICAV et ETF; Devises; Certificates.<\/p><\/blockquote>\n<p>Le r\u00e9sultat de chaque test est li\u00e9 \u00e0 des vid\u00e9os\/animations, d\u00e9nomm\u00e9es Le\u00e7ons Vid\u00e9o et Vid\u00e9o Testimonial, qui ont des dur\u00e9es et contenus diff\u00e9rents, pour informer l\u2019usager lui-m\u00eame de mani\u00e8re attrayante et interactive.<\/p>\n<div class=\"mks_separator\" style=\"border-bottom: 2px solid;\"><\/div>\n<p>&nbsp;<\/p>\n<h1>Organisateurs et Partisans<\/h1>\n<div class=\"mks_pullquote mks_pullquote_left\">Global Thinking Foundation<\/div>\n<p><strong>Global Thinking Foundation<\/strong> est une Fondation d\u00e9di\u00e9e aux projets de citoyennet\u00e9 \u00e9conomique et propose une approche des valeurs \u00e0 la th\u00e9matique de l\u2019\u00e9conomie de la finance. Ce qui caract\u00e9rise l\u2019engagement de la Fondation est de promouvoir une culture consciente de l\u2019\u00e9pargne et de sa gestion. Fond\u00e9e en 2016, Global Thinking Foundation na\u00eet avec la mission d\u2019encourager l\u2019alphab\u00e9tisation financi\u00e8re et s\u2019adresse aux \u00e9tudiants des \u00e9tablissements sup\u00e9rieurs et des universit\u00e9s, aux investisseurs et aux \u00e9pargnants.<br \/>\nLa Fondation a commenc\u00e9 un parcours d\u2019innovation et de recherche en ce domaine, en d\u00e9veloppant des projets pour la diffusion de la citoyennet\u00e9 \u00e9conomique et en soutenant une approche \u00e9thique \u00e0 l\u2019\u00e9conomie et \u00e0 la finance. L\u2019engagement de GLT Foundation est donc vou\u00e9 \u00e0 favoriser une culture consciente de l\u2019\u00e9pargne et de sa gestion. En effet, l\u2019alphab\u00e9tisation financi\u00e8re repr\u00e9sente un objectif n\u00e9cessaire qui doit s\u2019accompagner \u00e0 un processus d\u2019am\u00e9lioration -d\u00e9j\u00e0 en cours- de la r\u00e8glementation du syst\u00e8me financier, afin que ce dernier puisse devenir plus solide, s\u00fbr et transparent. La Fondation se pr\u00e9vaut de nombreuses collaborations sur des th\u00e9matiques li\u00e9s \u00e0 la sph\u00e8re sociale, en posant une attention particuli\u00e8re \u00e0 la th\u00e9matique des <strong>politiques de genre<\/strong>, avec plusieurs projets et initiatives. Visitez notre site internet <a href=\"http:\/\/gltfoundation.com\" target=\"_blank\" rel=\"noopener noreferrer\">gltfoundation.com <\/a>pour en savoir plus.<\/p>\n<div class=\"mks_pullquote light mks_pullquote_left\">Fondazione Politecnico di Milano<\/div>\n<p><strong>Fondazione Politecnico di Milano<\/strong> La Fondazione na\u00eet en 2003 de la volont\u00e9 du Politecnico di Milano, des principales institutions de Milan et de la Lombardie et d\u2019importantes entreprises pour soutenir la recherche de l\u2019Universit\u00e9 et pour contribuer \u00e0 innover et d\u00e9velopper le contexte \u00e9conomique, productif et administratif. La Fondazione Politecnico agit pour rendre plus fluide le rapport entre l\u2019universit\u00e9, les entreprises et l\u2019administration publique, par le biais de projets d\u2019innovation et de digital learning, aussi \u00e0 l\u2019\u00e9chelle europ\u00e9enne. <strong>Le service Metid du Politecnico di Milano<\/strong> est le service pour l\u2019e-learning qui na\u00eet de l\u2019exigence d\u2019innovation dans le domaine de l\u2019enseignement et de la formation.<br \/>\nIl s\u2019appuie sur plus de 25 professionnels organis\u00e9s en se fondant sur nombreuses comp\u00e9tences n\u00e9cessaires au d\u00e9veloppement de projets de e-learning.<\/p>\n","protected":false},"excerpt":{"rendered":"<p>Le projet FamilyMi \u00a0r\u00e9alis\u00e9 par Global Thinking Foundation en collaboration avec la Fondazione per l\u2019Educazione Finanziaria e al Risparmio, avec la Fondation Politecnico di Milano, est n\u00e9e du besoin de fournir un support au d\u00e9bat sur l\u2019\u00e9volution financi\u00e8re et sur la soi-disant \u00ab\u00a0financial inclusion\u00a0\u00bb soit aux familles qu\u2019aux Millennials (n\u00e9es entre 1980 et 2000) de [&hellip;]<\/p>\n","protected":false},"author":1,"featured_media":0,"parent":0,"menu_order":0,"comment_status":"closed","ping_status":"closed","template":"","meta":{"_acf_changed":false,"footnotes":""},"class_list":["post-730","page","type-page","status-publish","hentry"],"acf":[],"yoast_head":"<!-- This site is optimized with the Yoast SEO plugin v23.5 - https:\/\/yoast.com\/wordpress\/plugins\/seo\/ -->\n<title>Qui sommes-nous - FamilyMI<\/title>\n<meta name=\"robots\" content=\"index, follow, max-snippet:-1, max-image-preview:large, max-video-preview:-1\" \/>\n<link rel=\"canonical\" href=\"https:\/\/www.familymi.com\/fr\/qui-sommes-nous\/\" \/>\n<meta property=\"og:locale\" content=\"fr_FR\" \/>\n<meta property=\"og:type\" content=\"article\" \/>\n<meta property=\"og:title\" content=\"Qui sommes-nous - FamilyMI\" \/>\n<meta property=\"og:description\" content=\"Le projet FamilyMi \u00a0r\u00e9alis\u00e9 par Global Thinking Foundation en collaboration avec la Fondazione per l\u2019Educazione Finanziaria e al Risparmio, avec la Fondation Politecnico di Milano, est n\u00e9e du besoin de fournir un support au d\u00e9bat sur l\u2019\u00e9volution financi\u00e8re et sur la soi-disant \u00ab\u00a0financial inclusion\u00a0\u00bb soit aux familles qu\u2019aux Millennials (n\u00e9es entre 1980 et 2000) de [&hellip;]\" \/>\n<meta property=\"og:url\" content=\"https:\/\/www.familymi.com\/fr\/qui-sommes-nous\/\" \/>\n<meta property=\"og:site_name\" content=\"FamilyMI\" \/>\n<meta property=\"article:modified_time\" content=\"2024-02-22T14:12:05+00:00\" \/>\n<meta name=\"twitter:card\" content=\"summary_large_image\" \/>\n<meta name=\"twitter:label1\" content=\"Dur\u00e9e de lecture estim\u00e9e\" \/>\n\t<meta name=\"twitter:data1\" content=\"3 minutes\" \/>\n<script type=\"application\/ld+json\" class=\"yoast-schema-graph\">{\"@context\":\"https:\/\/schema.org\",\"@graph\":[{\"@type\":\"WebPage\",\"@id\":\"https:\/\/www.familymi.com\/fr\/qui-sommes-nous\/\",\"url\":\"https:\/\/www.familymi.com\/fr\/qui-sommes-nous\/\",\"name\":\"Qui sommes-nous - FamilyMI\",\"isPartOf\":{\"@id\":\"https:\/\/www.familymi.com\/en\/#website\"},\"datePublished\":\"2019-02-11T17:59:00+00:00\",\"dateModified\":\"2024-02-22T14:12:05+00:00\",\"breadcrumb\":{\"@id\":\"https:\/\/www.familymi.com\/fr\/qui-sommes-nous\/#breadcrumb\"},\"inLanguage\":\"fr-FR\",\"potentialAction\":[{\"@type\":\"ReadAction\",\"target\":[\"https:\/\/www.familymi.com\/fr\/qui-sommes-nous\/\"]}]},{\"@type\":\"BreadcrumbList\",\"@id\":\"https:\/\/www.familymi.com\/fr\/qui-sommes-nous\/#breadcrumb\",\"itemListElement\":[{\"@type\":\"ListItem\",\"position\":1,\"name\":\"Home\",\"item\":\"https:\/\/www.familymi.com\/fr\/\"},{\"@type\":\"ListItem\",\"position\":2,\"name\":\"Qui sommes-nous\"}]},{\"@type\":\"WebSite\",\"@id\":\"https:\/\/www.familymi.com\/en\/#website\",\"url\":\"https:\/\/www.familymi.com\/en\/\",\"name\":\"FamilyMI\",\"description\":\"\",\"potentialAction\":[{\"@type\":\"SearchAction\",\"target\":{\"@type\":\"EntryPoint\",\"urlTemplate\":\"https:\/\/www.familymi.com\/en\/?s={search_term_string}\"},\"query-input\":{\"@type\":\"PropertyValueSpecification\",\"valueRequired\":true,\"valueName\":\"search_term_string\"}}],\"inLanguage\":\"fr-FR\"}]}<\/script>\n<!-- \/ Yoast SEO plugin. -->","yoast_head_json":{"title":"Qui sommes-nous - FamilyMI","robots":{"index":"index","follow":"follow","max-snippet":"max-snippet:-1","max-image-preview":"max-image-preview:large","max-video-preview":"max-video-preview:-1"},"canonical":"https:\/\/www.familymi.com\/fr\/qui-sommes-nous\/","og_locale":"fr_FR","og_type":"article","og_title":"Qui sommes-nous - FamilyMI","og_description":"Le projet FamilyMi \u00a0r\u00e9alis\u00e9 par Global Thinking Foundation en collaboration avec la Fondazione per l\u2019Educazione Finanziaria e al Risparmio, avec la Fondation Politecnico di Milano, est n\u00e9e du besoin de fournir un support au d\u00e9bat sur l\u2019\u00e9volution financi\u00e8re et sur la soi-disant \u00ab\u00a0financial inclusion\u00a0\u00bb soit aux familles qu\u2019aux Millennials (n\u00e9es entre 1980 et 2000) de [&hellip;]","og_url":"https:\/\/www.familymi.com\/fr\/qui-sommes-nous\/","og_site_name":"FamilyMI","article_modified_time":"2024-02-22T14:12:05+00:00","twitter_card":"summary_large_image","twitter_misc":{"Dur\u00e9e de lecture estim\u00e9e":"3 minutes"},"schema":{"@context":"https:\/\/schema.org","@graph":[{"@type":"WebPage","@id":"https:\/\/www.familymi.com\/fr\/qui-sommes-nous\/","url":"https:\/\/www.familymi.com\/fr\/qui-sommes-nous\/","name":"Qui sommes-nous - FamilyMI","isPartOf":{"@id":"https:\/\/www.familymi.com\/en\/#website"},"datePublished":"2019-02-11T17:59:00+00:00","dateModified":"2024-02-22T14:12:05+00:00","breadcrumb":{"@id":"https:\/\/www.familymi.com\/fr\/qui-sommes-nous\/#breadcrumb"},"inLanguage":"fr-FR","potentialAction":[{"@type":"ReadAction","target":["https:\/\/www.familymi.com\/fr\/qui-sommes-nous\/"]}]},{"@type":"BreadcrumbList","@id":"https:\/\/www.familymi.com\/fr\/qui-sommes-nous\/#breadcrumb","itemListElement":[{"@type":"ListItem","position":1,"name":"Home","item":"https:\/\/www.familymi.com\/fr\/"},{"@type":"ListItem","position":2,"name":"Qui sommes-nous"}]},{"@type":"WebSite","@id":"https:\/\/www.familymi.com\/en\/#website","url":"https:\/\/www.familymi.com\/en\/","name":"FamilyMI","description":"","potentialAction":[{"@type":"SearchAction","target":{"@type":"EntryPoint","urlTemplate":"https:\/\/www.familymi.com\/en\/?s={search_term_string}"},"query-input":{"@type":"PropertyValueSpecification","valueRequired":true,"valueName":"search_term_string"}}],"inLanguage":"fr-FR"}]}},"_links":{"self":[{"href":"https:\/\/www.familymi.com\/fr\/wp-json\/wp\/v2\/pages\/730"}],"collection":[{"href":"https:\/\/www.familymi.com\/fr\/wp-json\/wp\/v2\/pages"}],"about":[{"href":"https:\/\/www.familymi.com\/fr\/wp-json\/wp\/v2\/types\/page"}],"author":[{"embeddable":true,"href":"https:\/\/www.familymi.com\/fr\/wp-json\/wp\/v2\/users\/1"}],"replies":[{"embeddable":true,"href":"https:\/\/www.familymi.com\/fr\/wp-json\/wp\/v2\/comments?post=730"}],"version-history":[{"count":6,"href":"https:\/\/www.familymi.com\/fr\/wp-json\/wp\/v2\/pages\/730\/revisions"}],"predecessor-version":[{"id":4006,"href":"https:\/\/www.familymi.com\/fr\/wp-json\/wp\/v2\/pages\/730\/revisions\/4006"}],"wp:attachment":[{"href":"https:\/\/www.familymi.com\/fr\/wp-json\/wp\/v2\/media?parent=730"}],"curies":[{"name":"wp","href":"https:\/\/api.w.org\/{rel}","templated":true}]}}